{"id":4,"date":"2011-09-13T23:21:25","date_gmt":"2011-09-13T22:21:25","guid":{"rendered":"http:\/\/www.circolonewman.org\/?page_id=4"},"modified":"2018-09-25T03:20:10","modified_gmt":"2018-09-25T02:20:10","slug":"john-henry-newman","status":"publish","type":"page","link":"https:\/\/www.circolonewman.org\/?page_id=4","title":{"rendered":"John Henry Newman"},"content":{"rendered":"<p>John Henry Newman (<em>Londra<\/em>, 21 febbraio 1801 \u2013 <em>Edgbaston<\/em>, 11 agosto 1890) \u00e8 stato un teologo e filosofo inglese.<\/p>\n<p>Il cardinale Newman \u00e8 considerato uno dei pi\u00f9 grandi prosatori inglesi e il pi\u00f9 autorevole apologista della fede che la Gran Bretagna abbia prodotto, apprezzato anche dai non cattolici. In ambito cattolico, \u00e8 stato definito uno dei \u00abpadri assenti\u00bb del Concilio Vaticano II per la profondit\u00e0 e l&#8217;originalit\u00e0 del suo pensiero teologico e filosofico.<\/p>\n<p>Sulla sua tomba \u00e8 scolpito l&#8217;epitaffio scritto da lui stesso, un epitaffio che doveva narrare, secondo il suo intento, la storia del suo pellegrinaggio:<\/p>\n<p>\u00ab Dall&#8217;ombra e dai simboli alla verit\u00e0. \u00bb<\/p>\n<p>\u00c8 stato beatificato il 19 settembre 2010 da papa Benedetto XVI.<\/p>\n<p>&nbsp;<\/p>\n","protected":false},"excerpt":{"rendered":"<p>John Henry Newman (Londra, 21 febbraio 1801 \u2013 Edgbaston, 11 agosto 1890) \u00e8 stato un teologo e filosofo inglese. Il cardinale Newman \u00e8 considerato uno dei pi\u00f9 grandi prosatori inglesi e il pi\u00f9 autorevole apologista della fede che la Gran &hellip; <a href=\"https:\/\/www.circolonewman.org\/?page_id=4\">Continua a leggere<span class=\"meta-nav\">&rarr;<\/span><\/a><\/p>\n","protected":false},"author":1,"featured_media":0,"parent":0,"menu_order":0,"comment_status":"closed","ping_status":"closed","template":"","meta":{"footnotes":""},"class_list":["post-4","page","type-page","status-publish","hentry"],"_links":{"self":[{"href":"https:\/\/www.circolonewman.org\/index.php?rest_route=\/wp\/v2\/pages\/4","targetHints":{"allow":["GET"]}}],"collection":[{"href":"https:\/\/www.circolonewman.org\/index.php?rest_route=\/wp\/v2\/pages"}],"about":[{"href":"https:\/\/www.circolonewman.org\/index.php?rest_route=\/wp\/v2\/types\/page"}],"author":[{"embeddable":true,"href":"https:\/\/www.circolonewman.org\/index.php?rest_route=\/wp\/v2\/users\/1"}],"replies":[{"embeddable":true,"href":"https:\/\/www.circolonewman.org\/index.php?rest_route=%2Fwp%2Fv2%2Fcomments&post=4"}],"version-history":[{"count":6,"href":"https:\/\/www.circolonewman.org\/index.php?rest_route=\/wp\/v2\/pages\/4\/revisions"}],"predecessor-version":[{"id":2861,"href":"https:\/\/www.circolonewman.org\/index.php?rest_route=\/wp\/v2\/pages\/4\/revisions\/2861"}],"wp:attachment":[{"href":"https:\/\/www.circolonewman.org\/index.php?rest_route=%2Fwp%2Fv2%2Fmedia&parent=4"}],"curies":[{"name":"wp","href":"https:\/\/api.w.org\/{rel}","templated":true}]}}